{"id":3706,"date":"2025-12-02T14:22:03","date_gmt":"2025-12-02T13:22:03","guid":{"rendered":"https:\/\/www.novi.ami-lovrekovic.hr\/proizvod\/migmatic-mp-s400ip-mig-mag-welding-machine\/"},"modified":"2025-12-02T14:22:03","modified_gmt":"2025-12-02T13:22:03","slug":"migmatic-mp-s400ip-mig-mag-welding-machine","status":"publish","type":"product","link":"https:\/\/www.ami-lovrekovic.hr\/en\/product\/migmatic-mp-s400ip-mig-mag-welding-machine\/","title":{"rendered":"MigMatic\u00ae MP S400iP MIG\/MAG Welding Machine"},"content":{"rendered":"<h5 data-start=\"103\" data-end=\"146\"><strong data-start=\"107\" data-end=\"146\">Trigger program switch<\/strong><\/h5>\n<p data-start=\"148\" data-end=\"332\">Re-call up to 4 preset programs from the torch trigger (any standard MIG torch) for increased productivity on complex objects.<\/p>\n<h5 data-start=\"339\" data-end=\"372\"><strong data-start=\"343\" data-end=\"372\">Multiprocess<\/strong><\/h5>\n<p data-start=\"374\" data-end=\"489\">A new multiprocess version is now available enabling lift TIG and MMA.<\/p>\n<h5 data-start=\"496\" data-end=\"521\"><strong data-start=\"500\" data-end=\"521\">MigMatic Feed 2.0<\/strong><\/h5>\n<p data-start=\"523\" data-end=\"652\">A new generation of feeder has been developed to step up the user experience and quality of the MigMatic family.<\/p>\n<h5 data-start=\"659\" data-end=\"683\"><strong data-start=\"663\" data-end=\"683\">Miller robustness<\/strong><\/h5>\n<p data-start=\"685\" data-end=\"854\">Tested and approved for heavy duty welding under the toughest conditions. Miller goes to extreme measures to ensure trouble free welding in any environment. <\/p>\n<h5 data-start=\"861\" data-end=\"892\"><strong data-start=\"865\" data-end=\"892\">Energy efficient<\/strong><\/h5>\n<p data-start=\"894\" data-end=\"1154\">Sustav hla\u0111enja <em data-start=\"910\" data-end=\"926\">Fan-On-Demand\u2122<\/em> uklju\u010duje se samo kada je potrebno, \u010dime se smanjuje unos ne\u010disto\u0107a u ure\u0111aj.<br data-start=\"1004\" data-end=\"1007\">The Fan-On-Demand\u2122 power source cooling system operates only when needed, reducing the amount of contaminants pulled though the machine. The MigMatic\u00ae Cool is controlled and monitored by the power source and runs only when needed, reducing noise and the overall energy use.<\/p>\n<h5 data-start=\"1161\" data-end=\"1239\"><strong data-start=\"1165\" data-end=\"1239\">Full synergic Pulse with presets<\/strong><\/h5>\n<p data-start=\"1241\" data-end=\"1418\">Synergic lines for all common wire\/gas combinations with presets of start\/stop parameters for optimal welds.<\/p>\n<h5 data-start=\"1425\" data-end=\"1456\"><strong data-start=\"1429\" data-end=\"1456\">Wind Tunnel Technology\u2122<\/strong><\/h5>\n<p data-start=\"1458\" data-end=\"1607\">Internal air flow that protects electrical components and PC boards from dirt, dust and debris, greatly improving reliability.<\/p>\n<h5 data-start=\"1614\" data-end=\"1657\"><strong data-start=\"1618\" data-end=\"1657\">Ease of use and versatility<\/strong><\/h5>\n<p data-start=\"1659\" data-end=\"1780\">New display with a larger size and higher clarity.<\/p>\n<p data-start=\"1659\" data-end=\"1780\">\n<p data-start=\"1659\" data-end=\"1780\">Find out more <a href=\"https:\/\/millerweldseurope.com\/products\/migmatic-s400ip-mp-s400ip\/\" target=\"_blank\" rel=\"noopener\">here<\/a>!<\/p>\n","protected":false},"excerpt":{"rendered":"<p>Trigger program switch Re-call up to 4 preset programs from the torch trigger (any standard MIG torch) for increased productivity on complex objects. Multiprocess A new multiprocess version is now available enabling lift TIG and MMA. MigMatic Feed 2.0 A new generation of feeder has been developed to step up the user experience and quality [&#8230;]<\/p>\n<p><a class=\"btn btn-secondary virtualna-read-more-link\" href=\"https:\/\/www.ami-lovrekovic.hr\/en\/product\/migmatic-mp-s400ip-mig-mag-welding-machine\/\">Pro\u010ditaj vi\u0161e<span class=\"screen-reader-text\"> from MigMatic\u00ae MP S400iP MIG\/MAG Welding Machine<\/span><\/a><\/p>\n","protected":false},"featured_media":1979,"template":"","meta":{"_acf_changed":false},"product_brand":[27],"product_cat":[205],"product_tag":[],"class_list":{"0":"post-3706","1":"product","2":"type-product","3":"status-publish","4":"has-post-thumbnail","6":"product_brand-miller","7":"product_cat-mig-mag-welding","9":"first","10":"instock","11":"shipping-taxable","12":"purchasable","13":"product-type-simple"},"acf":[],"yoast_head":"<!-- This site is optimized with the Yoast SEO plugin v26.0 - https:\/\/yoast.com\/wordpress\/plugins\/seo\/ -->\n<title>MigMatic\u00ae MP S400iP MIG\/MAG Welding Machine - A.M.I. - Commerce Lovrekovi\u0107<\/title>\n<meta name=\"robots\" content=\"index, follow, max-snippet:-1, max-image-preview:large, max-video-preview:-1\" \/>\n<link rel=\"canonical\" href=\"https:\/\/www.ami-lovrekovic.hr\/product\/migmatic-mp-s400ip-mig-mag-aparat-za-zavarivanje\/\" \/>\n<meta property=\"og:locale\" content=\"en_US\" \/>\n<meta property=\"og:type\" content=\"article\" \/>\n<meta property=\"og:title\" content=\"MigMatic\u00ae MP S400iP MIG\/MAG Welding Machine - A.M.I. - Commerce Lovrekovi\u0107\" \/>\n<meta property=\"og:description\" content=\"Trigger program switch Re-call up to 4 preset programs from the torch trigger (any standard MIG torch) for increased productivity on complex objects. Multiprocess A new multiprocess version is now available enabling lift TIG and MMA. MigMatic Feed 2.0 A new generation of feeder has been developed to step up the user experience and quality [...]Pro\u010ditaj vi\u0161e from MigMatic\u00ae MP S400iP MIG\/MAG Welding Machine\" \/>\n<meta property=\"og:url\" content=\"https:\/\/www.ami-lovrekovic.hr\/product\/migmatic-mp-s400ip-mig-mag-aparat-za-zavarivanje\/\" \/>\n<meta property=\"og:site_name\" content=\"A.M.I. - Commerce Lovrekovi\u0107\" \/>\n<meta property=\"og:image\" content=\"https:\/\/www.ami-lovrekovic.hr\/wp-content\/uploads\/2025\/07\/MigMatic\u00ae-MP-S400iP-MIG-MAG-Welding-Machine.jpg\" \/>\n\t<meta property=\"og:image:width\" content=\"1024\" \/>\n\t<meta property=\"og:image:height\" content=\"1024\" \/>\n\t<meta property=\"og:image:type\" content=\"image\/jpeg\" \/>\n<meta name=\"twitter:card\" content=\"summary_large_image\" \/>\n<meta name=\"twitter:label1\" content=\"Est. reading time\" \/>\n\t<meta name=\"twitter:data1\" content=\"1 minute\" \/>\n<script type=\"application\/ld+json\" class=\"yoast-schema-graph\">{\"@context\":\"https:\/\/schema.org\",\"@graph\":[{\"@type\":\"WebPage\",\"@id\":\"https:\/\/www.ami-lovrekovic.hr\/product\/migmatic-mp-s400ip-mig-mag-aparat-za-zavarivanje\/\",\"url\":\"https:\/\/www.ami-lovrekovic.hr\/product\/migmatic-mp-s400ip-mig-mag-aparat-za-zavarivanje\/\",\"name\":\"MigMatic\u00ae MP S400iP MIG\/MAG Welding Machine - A.M.I. - Commerce Lovrekovi\u0107\",\"isPartOf\":{\"@id\":\"https:\/\/www.ami-lovrekovic.hr\/#website\"},\"primaryImageOfPage\":{\"@id\":\"https:\/\/www.ami-lovrekovic.hr\/product\/migmatic-mp-s400ip-mig-mag-aparat-za-zavarivanje\/#primaryimage\"},\"image\":{\"@id\":\"https:\/\/www.ami-lovrekovic.hr\/product\/migmatic-mp-s400ip-mig-mag-aparat-za-zavarivanje\/#primaryimage\"},\"thumbnailUrl\":\"https:\/\/www.ami-lovrekovic.hr\/wp-content\/uploads\/2025\/07\/MigMatic\u00ae-MP-S400iP-MIG-MAG-Welding-Machine.jpg\",\"datePublished\":\"2025-12-02T13:22:03+00:00\",\"breadcrumb\":{\"@id\":\"https:\/\/www.ami-lovrekovic.hr\/product\/migmatic-mp-s400ip-mig-mag-aparat-za-zavarivanje\/#breadcrumb\"},\"inLanguage\":\"en-US\",\"potentialAction\":[{\"@type\":\"ReadAction\",\"target\":[\"https:\/\/www.ami-lovrekovic.hr\/product\/migmatic-mp-s400ip-mig-mag-aparat-za-zavarivanje\/\"]}]},{\"@type\":\"ImageObject\",\"inLanguage\":\"en-US\",\"@id\":\"https:\/\/www.ami-lovrekovic.hr\/product\/migmatic-mp-s400ip-mig-mag-aparat-za-zavarivanje\/#primaryimage\",\"url\":\"https:\/\/www.ami-lovrekovic.hr\/wp-content\/uploads\/2025\/07\/MigMatic\u00ae-MP-S400iP-MIG-MAG-Welding-Machine.jpg\",\"contentUrl\":\"https:\/\/www.ami-lovrekovic.hr\/wp-content\/uploads\/2025\/07\/MigMatic\u00ae-MP-S400iP-MIG-MAG-Welding-Machine.jpg\",\"width\":1024,\"height\":1024},{\"@type\":\"BreadcrumbList\",\"@id\":\"https:\/\/www.ami-lovrekovic.hr\/product\/migmatic-mp-s400ip-mig-mag-aparat-za-zavarivanje\/#breadcrumb\",\"itemListElement\":[{\"@type\":\"ListItem\",\"position\":1,\"name\":\"Po\u010detna stranica\",\"item\":\"https:\/\/www.ami-lovrekovic.hr\/\"},{\"@type\":\"ListItem\",\"position\":2,\"name\":\"Products\",\"item\":\"https:\/\/www.ami-lovrekovic.hr\/proizvodi\/\"},{\"@type\":\"ListItem\",\"position\":3,\"name\":\"MigMatic\u00ae MP S400iP MIG\/MAG Welding Machine\"}]},{\"@type\":\"WebSite\",\"@id\":\"https:\/\/www.ami-lovrekovic.hr\/#website\",\"url\":\"https:\/\/www.ami-lovrekovic.hr\/\",\"name\":\"A.M.I. - Commerce Lovrekovi\u0107\",\"description\":\"Prodaja specijalizirane opreme\",\"publisher\":{\"@id\":\"https:\/\/www.ami-lovrekovic.hr\/#organization\"},\"potentialAction\":[{\"@type\":\"SearchAction\",\"target\":{\"@type\":\"EntryPoint\",\"urlTemplate\":\"https:\/\/www.ami-lovrekovic.hr\/?s={search_term_string}\"},\"query-input\":{\"@type\":\"PropertyValueSpecification\",\"valueRequired\":true,\"valueName\":\"search_term_string\"}}],\"inLanguage\":\"en-US\"},{\"@type\":\"Organization\",\"@id\":\"https:\/\/www.ami-lovrekovic.hr\/#organization\",\"name\":\"A.M.I. - Commerce Lovrekovi\u0107\",\"url\":\"https:\/\/www.ami-lovrekovic.hr\/\",\"logo\":{\"@type\":\"ImageObject\",\"inLanguage\":\"en-US\",\"@id\":\"https:\/\/www.ami-lovrekovic.hr\/#\/schema\/logo\/image\/\",\"url\":\"https:\/\/www.ami-lovrekovic.hr\/wp-content\/uploads\/2025\/06\/ami-commerce-logo.png\",\"contentUrl\":\"https:\/\/www.ami-lovrekovic.hr\/wp-content\/uploads\/2025\/06\/ami-commerce-logo.png\",\"width\":110,\"height\":135,\"caption\":\"A.M.I. - Commerce Lovrekovi\u0107\"},\"image\":{\"@id\":\"https:\/\/www.ami-lovrekovic.hr\/#\/schema\/logo\/image\/\"}}]}<\/script>\n<!-- \/ Yoast SEO plugin. -->","yoast_head_json":{"title":"MigMatic\u00ae MP S400iP MIG\/MAG Welding Machine - A.M.I. - Commerce Lovrekovi\u0107","robots":{"index":"index","follow":"follow","max-snippet":"max-snippet:-1","max-image-preview":"max-image-preview:large","max-video-preview":"max-video-preview:-1"},"canonical":"https:\/\/www.ami-lovrekovic.hr\/product\/migmatic-mp-s400ip-mig-mag-aparat-za-zavarivanje\/","og_locale":"en_US","og_type":"article","og_title":"MigMatic\u00ae MP S400iP MIG\/MAG Welding Machine - A.M.I. - Commerce Lovrekovi\u0107","og_description":"Trigger program switch Re-call up to 4 preset programs from the torch trigger (any standard MIG torch) for increased productivity on complex objects. Multiprocess A new multiprocess version is now available enabling lift TIG and MMA. MigMatic Feed 2.0 A new generation of feeder has been developed to step up the user experience and quality [...]Pro\u010ditaj vi\u0161e from MigMatic\u00ae MP S400iP MIG\/MAG Welding Machine","og_url":"https:\/\/www.ami-lovrekovic.hr\/product\/migmatic-mp-s400ip-mig-mag-aparat-za-zavarivanje\/","og_site_name":"A.M.I. - Commerce Lovrekovi\u0107","og_image":[{"width":1024,"height":1024,"url":"https:\/\/www.ami-lovrekovic.hr\/wp-content\/uploads\/2025\/07\/MigMatic\u00ae-MP-S400iP-MIG-MAG-Welding-Machine.jpg","type":"image\/jpeg"}],"twitter_card":"summary_large_image","twitter_misc":{"Est. reading time":"1 minute"},"schema":{"@context":"https:\/\/schema.org","@graph":[{"@type":"WebPage","@id":"https:\/\/www.ami-lovrekovic.hr\/product\/migmatic-mp-s400ip-mig-mag-aparat-za-zavarivanje\/","url":"https:\/\/www.ami-lovrekovic.hr\/product\/migmatic-mp-s400ip-mig-mag-aparat-za-zavarivanje\/","name":"MigMatic\u00ae MP S400iP MIG\/MAG Welding Machine - A.M.I. - Commerce Lovrekovi\u0107","isPartOf":{"@id":"https:\/\/www.ami-lovrekovic.hr\/#website"},"primaryImageOfPage":{"@id":"https:\/\/www.ami-lovrekovic.hr\/product\/migmatic-mp-s400ip-mig-mag-aparat-za-zavarivanje\/#primaryimage"},"image":{"@id":"https:\/\/www.ami-lovrekovic.hr\/product\/migmatic-mp-s400ip-mig-mag-aparat-za-zavarivanje\/#primaryimage"},"thumbnailUrl":"https:\/\/www.ami-lovrekovic.hr\/wp-content\/uploads\/2025\/07\/MigMatic\u00ae-MP-S400iP-MIG-MAG-Welding-Machine.jpg","datePublished":"2025-12-02T13:22:03+00:00","breadcrumb":{"@id":"https:\/\/www.ami-lovrekovic.hr\/product\/migmatic-mp-s400ip-mig-mag-aparat-za-zavarivanje\/#breadcrumb"},"inLanguage":"en-US","potentialAction":[{"@type":"ReadAction","target":["https:\/\/www.ami-lovrekovic.hr\/product\/migmatic-mp-s400ip-mig-mag-aparat-za-zavarivanje\/"]}]},{"@type":"ImageObject","inLanguage":"en-US","@id":"https:\/\/www.ami-lovrekovic.hr\/product\/migmatic-mp-s400ip-mig-mag-aparat-za-zavarivanje\/#primaryimage","url":"https:\/\/www.ami-lovrekovic.hr\/wp-content\/uploads\/2025\/07\/MigMatic\u00ae-MP-S400iP-MIG-MAG-Welding-Machine.jpg","contentUrl":"https:\/\/www.ami-lovrekovic.hr\/wp-content\/uploads\/2025\/07\/MigMatic\u00ae-MP-S400iP-MIG-MAG-Welding-Machine.jpg","width":1024,"height":1024},{"@type":"BreadcrumbList","@id":"https:\/\/www.ami-lovrekovic.hr\/product\/migmatic-mp-s400ip-mig-mag-aparat-za-zavarivanje\/#breadcrumb","itemListElement":[{"@type":"ListItem","position":1,"name":"Po\u010detna stranica","item":"https:\/\/www.ami-lovrekovic.hr\/"},{"@type":"ListItem","position":2,"name":"Products","item":"https:\/\/www.ami-lovrekovic.hr\/proizvodi\/"},{"@type":"ListItem","position":3,"name":"MigMatic\u00ae MP S400iP MIG\/MAG Welding Machine"}]},{"@type":"WebSite","@id":"https:\/\/www.ami-lovrekovic.hr\/#website","url":"https:\/\/www.ami-lovrekovic.hr\/","name":"A.M.I. - Commerce Lovrekovi\u0107","description":"Prodaja specijalizirane opreme","publisher":{"@id":"https:\/\/www.ami-lovrekovic.hr\/#organization"},"potentialAction":[{"@type":"SearchAction","target":{"@type":"EntryPoint","urlTemplate":"https:\/\/www.ami-lovrekovic.hr\/?s={search_term_string}"},"query-input":{"@type":"PropertyValueSpecification","valueRequired":true,"valueName":"search_term_string"}}],"inLanguage":"en-US"},{"@type":"Organization","@id":"https:\/\/www.ami-lovrekovic.hr\/#organization","name":"A.M.I. - Commerce Lovrekovi\u0107","url":"https:\/\/www.ami-lovrekovic.hr\/","logo":{"@type":"ImageObject","inLanguage":"en-US","@id":"https:\/\/www.ami-lovrekovic.hr\/#\/schema\/logo\/image\/","url":"https:\/\/www.ami-lovrekovic.hr\/wp-content\/uploads\/2025\/06\/ami-commerce-logo.png","contentUrl":"https:\/\/www.ami-lovrekovic.hr\/wp-content\/uploads\/2025\/06\/ami-commerce-logo.png","width":110,"height":135,"caption":"A.M.I. - Commerce Lovrekovi\u0107"},"image":{"@id":"https:\/\/www.ami-lovrekovic.hr\/#\/schema\/logo\/image\/"}}]}},"_links":{"self":[{"href":"https:\/\/www.ami-lovrekovic.hr\/en\/wp-json\/wp\/v2\/product\/3706","targetHints":{"allow":["GET"]}}],"collection":[{"href":"https:\/\/www.ami-lovrekovic.hr\/en\/wp-json\/wp\/v2\/product"}],"about":[{"href":"https:\/\/www.ami-lovrekovic.hr\/en\/wp-json\/wp\/v2\/types\/product"}],"wp:featuredmedia":[{"embeddable":true,"href":"https:\/\/www.ami-lovrekovic.hr\/en\/wp-json\/wp\/v2\/media\/1979"}],"wp:attachment":[{"href":"https:\/\/www.ami-lovrekovic.hr\/en\/wp-json\/wp\/v2\/media?parent=3706"}],"wp:term":[{"taxonomy":"product_brand","embeddable":true,"href":"https:\/\/www.ami-lovrekovic.hr\/en\/wp-json\/wp\/v2\/product_brand?post=3706"},{"taxonomy":"product_cat","embeddable":true,"href":"https:\/\/www.ami-lovrekovic.hr\/en\/wp-json\/wp\/v2\/product_cat?post=3706"},{"taxonomy":"product_tag","embeddable":true,"href":"https:\/\/www.ami-lovrekovic.hr\/en\/wp-json\/wp\/v2\/product_tag?post=3706"}],"curies":[{"name":"wp","href":"https:\/\/api.w.org\/{rel}","templated":true}]}}