{"id":5240,"date":"2025-06-13T11:23:33","date_gmt":"2025-06-13T09:23:33","guid":{"rendered":"https:\/\/www.ami-lovrekovic.hr\/confidentiality-statement\/"},"modified":"2026-05-07T19:32:05","modified_gmt":"2026-05-07T17:32:05","slug":"confidentiality-statement","status":"publish","type":"page","link":"https:\/\/www.ami-lovrekovic.hr\/en\/confidentiality-statement\/","title":{"rendered":"Confidentiality statement"},"content":{"rendered":"\n<p>We are committed to protecting the privacy of all our customers, collecting only the necessary basic information about users. Personal data of customers is stored in the IT system of AMI COMMERCE \u2013 LOVREKOVI\u0106 doo and is kept in a secure place and is only accessible to AMI COMMERCE \u2013 LOVREKOVI\u0106 doo employees who need this data to provide quality service to our customers. AMI COMMERCE \u2013 LOVREKOVI\u0106 doo uses SSL (Secure Socket Layer) technology to transfer all personal data of users, which encrypts all information sent with orders. The use of data is limited to communication with customers for the purpose of carrying out sales transactions, and informing users about news and benefits available to them through our website. All employees of AMI COMMERCE \u2013 LOVREKOVI\u0106 doo and business partners are responsible for respecting the principles of privacy protection.    <\/p>\n\n<p>COPYING, DISTRIBUTION, TRANSMISSION AND PUBLICATION WITHOUT WRITTEN PERMISSION IS STRICTLY PROHIBITED.<\/p>\n","protected":false},"excerpt":{"rendered":"<p>We are committed to protecting the privacy of all our customers, collecting only the necessary basic information about users. Personal data of customers is stored in the IT system of AMI COMMERCE \u2013 LOVREKOVI\u0106 doo and is kept in a secure place and is only accessible to AMI COMMERCE \u2013 LOVREKOVI\u0106 doo employees who need [&#8230;]<\/p>\n<p><a class=\"btn btn-secondary virtualna-read-more-link\" href=\"https:\/\/www.ami-lovrekovic.hr\/en\/confidentiality-statement\/\">Pro\u010ditaj vi\u0161e<span class=\"screen-reader-text\"> from Confidentiality statement<\/span><\/a><\/p>\n","protected":false},"author":1,"featured_media":0,"parent":0,"menu_order":0,"comment_status":"closed","ping_status":"closed","template":"page-templates\/fullwidthpage.php","meta":{"_acf_changed":false,"footnotes":""},"class_list":["post-5240","page","type-page","status-publish","hentry"],"acf":[],"yoast_head":"<!-- This site is optimized with the Yoast SEO plugin v26.0 - https:\/\/yoast.com\/wordpress\/plugins\/seo\/ -->\n<title>Confidentiality statement - A.M.I. - Commerce Lovrekovi\u0107<\/title>\n<meta name=\"robots\" content=\"index, follow, max-snippet:-1, max-image-preview:large, max-video-preview:-1\" \/>\n<link rel=\"canonical\" href=\"https:\/\/www.ami-lovrekovic.hr\/en\/confidentiality-statement\/\" \/>\n<meta property=\"og:locale\" content=\"en_US\" \/>\n<meta property=\"og:type\" content=\"article\" \/>\n<meta property=\"og:title\" content=\"Confidentiality statement - A.M.I. - Commerce Lovrekovi\u0107\" \/>\n<meta property=\"og:description\" content=\"We are committed to protecting the privacy of all our customers, collecting only the necessary basic information about users. Personal data of customers is stored in the IT system of AMI COMMERCE \u2013 LOVREKOVI\u0106 doo and is kept in a secure place and is only accessible to AMI COMMERCE \u2013 LOVREKOVI\u0106 doo employees who need [...]Pro\u010ditaj vi\u0161e from Confidentiality statement\" \/>\n<meta property=\"og:url\" content=\"https:\/\/www.ami-lovrekovic.hr\/en\/confidentiality-statement\/\" \/>\n<meta property=\"og:site_name\" content=\"A.M.I. - Commerce Lovrekovi\u0107\" \/>\n<meta property=\"article:modified_time\" content=\"2026-05-07T17:32:05+00:00\" \/>\n<meta name=\"twitter:card\" content=\"summary_large_image\" \/>\n<meta name=\"twitter:label1\" content=\"Est. reading time\" \/>\n\t<meta name=\"twitter:data1\" content=\"1 minute\" \/>\n<script type=\"application\/ld+json\" class=\"yoast-schema-graph\">{\"@context\":\"https:\/\/schema.org\",\"@graph\":[{\"@type\":\"WebPage\",\"@id\":\"https:\/\/www.ami-lovrekovic.hr\/en\/confidentiality-statement\/\",\"url\":\"https:\/\/www.ami-lovrekovic.hr\/en\/confidentiality-statement\/\",\"name\":\"Confidentiality statement - A.M.I. - Commerce Lovrekovi\u0107\",\"isPartOf\":{\"@id\":\"https:\/\/www.ami-lovrekovic.hr\/#website\"},\"datePublished\":\"2025-06-13T09:23:33+00:00\",\"dateModified\":\"2026-05-07T17:32:05+00:00\",\"breadcrumb\":{\"@id\":\"https:\/\/www.ami-lovrekovic.hr\/en\/confidentiality-statement\/#breadcrumb\"},\"inLanguage\":\"en-US\",\"potentialAction\":[{\"@type\":\"ReadAction\",\"target\":[\"https:\/\/www.ami-lovrekovic.hr\/en\/confidentiality-statement\/\"]}]},{\"@type\":\"BreadcrumbList\",\"@id\":\"https:\/\/www.ami-lovrekovic.hr\/en\/confidentiality-statement\/#breadcrumb\",\"itemListElement\":[{\"@type\":\"ListItem\",\"position\":1,\"name\":\"Po\u010detna stranica\",\"item\":\"https:\/\/www.ami-lovrekovic.hr\/en\/\"},{\"@type\":\"ListItem\",\"position\":2,\"name\":\"Confidentiality statement\"}]},{\"@type\":\"WebSite\",\"@id\":\"https:\/\/www.ami-lovrekovic.hr\/#website\",\"url\":\"https:\/\/www.ami-lovrekovic.hr\/\",\"name\":\"A.M.I. - Commerce Lovrekovi\u0107\",\"description\":\"Prodaja specijalizirane opreme\",\"publisher\":{\"@id\":\"https:\/\/www.ami-lovrekovic.hr\/#organization\"},\"potentialAction\":[{\"@type\":\"SearchAction\",\"target\":{\"@type\":\"EntryPoint\",\"urlTemplate\":\"https:\/\/www.ami-lovrekovic.hr\/?s={search_term_string}\"},\"query-input\":{\"@type\":\"PropertyValueSpecification\",\"valueRequired\":true,\"valueName\":\"search_term_string\"}}],\"inLanguage\":\"en-US\"},{\"@type\":\"Organization\",\"@id\":\"https:\/\/www.ami-lovrekovic.hr\/#organization\",\"name\":\"A.M.I. - Commerce Lovrekovi\u0107\",\"url\":\"https:\/\/www.ami-lovrekovic.hr\/\",\"logo\":{\"@type\":\"ImageObject\",\"inLanguage\":\"en-US\",\"@id\":\"https:\/\/www.ami-lovrekovic.hr\/#\/schema\/logo\/image\/\",\"url\":\"https:\/\/www.ami-lovrekovic.hr\/wp-content\/uploads\/2025\/06\/ami-commerce-logo.png\",\"contentUrl\":\"https:\/\/www.ami-lovrekovic.hr\/wp-content\/uploads\/2025\/06\/ami-commerce-logo.png\",\"width\":110,\"height\":135,\"caption\":\"A.M.I. - Commerce Lovrekovi\u0107\"},\"image\":{\"@id\":\"https:\/\/www.ami-lovrekovic.hr\/#\/schema\/logo\/image\/\"}}]}<\/script>\n<!-- \/ Yoast SEO plugin. -->","yoast_head_json":{"title":"Confidentiality statement - A.M.I. - Commerce Lovrekovi\u0107","robots":{"index":"index","follow":"follow","max-snippet":"max-snippet:-1","max-image-preview":"max-image-preview:large","max-video-preview":"max-video-preview:-1"},"canonical":"https:\/\/www.ami-lovrekovic.hr\/en\/confidentiality-statement\/","og_locale":"en_US","og_type":"article","og_title":"Confidentiality statement - A.M.I. - Commerce Lovrekovi\u0107","og_description":"We are committed to protecting the privacy of all our customers, collecting only the necessary basic information about users. Personal data of customers is stored in the IT system of AMI COMMERCE \u2013 LOVREKOVI\u0106 doo and is kept in a secure place and is only accessible to AMI COMMERCE \u2013 LOVREKOVI\u0106 doo employees who need [...]Pro\u010ditaj vi\u0161e from Confidentiality statement","og_url":"https:\/\/www.ami-lovrekovic.hr\/en\/confidentiality-statement\/","og_site_name":"A.M.I. - Commerce Lovrekovi\u0107","article_modified_time":"2026-05-07T17:32:05+00:00","twitter_card":"summary_large_image","twitter_misc":{"Est. reading time":"1 minute"},"schema":{"@context":"https:\/\/schema.org","@graph":[{"@type":"WebPage","@id":"https:\/\/www.ami-lovrekovic.hr\/en\/confidentiality-statement\/","url":"https:\/\/www.ami-lovrekovic.hr\/en\/confidentiality-statement\/","name":"Confidentiality statement - A.M.I. - Commerce Lovrekovi\u0107","isPartOf":{"@id":"https:\/\/www.ami-lovrekovic.hr\/#website"},"datePublished":"2025-06-13T09:23:33+00:00","dateModified":"2026-05-07T17:32:05+00:00","breadcrumb":{"@id":"https:\/\/www.ami-lovrekovic.hr\/en\/confidentiality-statement\/#breadcrumb"},"inLanguage":"en-US","potentialAction":[{"@type":"ReadAction","target":["https:\/\/www.ami-lovrekovic.hr\/en\/confidentiality-statement\/"]}]},{"@type":"BreadcrumbList","@id":"https:\/\/www.ami-lovrekovic.hr\/en\/confidentiality-statement\/#breadcrumb","itemListElement":[{"@type":"ListItem","position":1,"name":"Po\u010detna stranica","item":"https:\/\/www.ami-lovrekovic.hr\/en\/"},{"@type":"ListItem","position":2,"name":"Confidentiality statement"}]},{"@type":"WebSite","@id":"https:\/\/www.ami-lovrekovic.hr\/#website","url":"https:\/\/www.ami-lovrekovic.hr\/","name":"A.M.I. - Commerce Lovrekovi\u0107","description":"Prodaja specijalizirane opreme","publisher":{"@id":"https:\/\/www.ami-lovrekovic.hr\/#organization"},"potentialAction":[{"@type":"SearchAction","target":{"@type":"EntryPoint","urlTemplate":"https:\/\/www.ami-lovrekovic.hr\/?s={search_term_string}"},"query-input":{"@type":"PropertyValueSpecification","valueRequired":true,"valueName":"search_term_string"}}],"inLanguage":"en-US"},{"@type":"Organization","@id":"https:\/\/www.ami-lovrekovic.hr\/#organization","name":"A.M.I. - Commerce Lovrekovi\u0107","url":"https:\/\/www.ami-lovrekovic.hr\/","logo":{"@type":"ImageObject","inLanguage":"en-US","@id":"https:\/\/www.ami-lovrekovic.hr\/#\/schema\/logo\/image\/","url":"https:\/\/www.ami-lovrekovic.hr\/wp-content\/uploads\/2025\/06\/ami-commerce-logo.png","contentUrl":"https:\/\/www.ami-lovrekovic.hr\/wp-content\/uploads\/2025\/06\/ami-commerce-logo.png","width":110,"height":135,"caption":"A.M.I. - Commerce Lovrekovi\u0107"},"image":{"@id":"https:\/\/www.ami-lovrekovic.hr\/#\/schema\/logo\/image\/"}}]}},"_links":{"self":[{"href":"https:\/\/www.ami-lovrekovic.hr\/en\/wp-json\/wp\/v2\/pages\/5240","targetHints":{"allow":["GET"]}}],"collection":[{"href":"https:\/\/www.ami-lovrekovic.hr\/en\/wp-json\/wp\/v2\/pages"}],"about":[{"href":"https:\/\/www.ami-lovrekovic.hr\/en\/wp-json\/wp\/v2\/types\/page"}],"author":[{"embeddable":true,"href":"https:\/\/www.ami-lovrekovic.hr\/en\/wp-json\/wp\/v2\/users\/1"}],"replies":[{"embeddable":true,"href":"https:\/\/www.ami-lovrekovic.hr\/en\/wp-json\/wp\/v2\/comments?post=5240"}],"version-history":[{"count":1,"href":"https:\/\/www.ami-lovrekovic.hr\/en\/wp-json\/wp\/v2\/pages\/5240\/revisions"}],"predecessor-version":[{"id":5241,"href":"https:\/\/www.ami-lovrekovic.hr\/en\/wp-json\/wp\/v2\/pages\/5240\/revisions\/5241"}],"wp:attachment":[{"href":"https:\/\/www.ami-lovrekovic.hr\/en\/wp-json\/wp\/v2\/media?parent=5240"}],"curies":[{"name":"wp","href":"https:\/\/api.w.org\/{rel}","templated":true}]}}